{"id":7723,"date":"2023-07-25T11:29:54","date_gmt":"2023-07-25T09:29:54","guid":{"rendered":"https:\/\/www.institutmacula.com\/formulari-de-trucades\/"},"modified":"2025-09-01T11:52:42","modified_gmt":"2025-09-01T09:52:42","slug":"formulari-de-trucades","status":"publish","type":"page","link":"https:\/\/www.institutmacula.com\/en\/formulari-de-trucades\/","title":{"rendered":"Formulari de trucades"},"content":{"rendered":"\t\t<div data-elementor-type=\"wp-page\" data-elementor-id=\"7723\" class=\"elementor elementor-7723 elementor-3042\" data-elementor-post-type=\"page\">\n\t\t\t\t\t\t<section data-dce-background-color=\"#003865\" class=\"elementor-section elementor-top-section elementor-element elementor-element-092dbb1 elementor-section-boxed elementor-section-height-default elementor-section-height-default\" data-id=\"092dbb1\" data-element_type=\"section\" data-e-type=\"section\" data-settings=\"{&quot;background_background&quot;:&quot;classic&quot;}\">\n\t\t\t\t\t\t<div class=\"elementor-container elementor-column-gap-default\">\n\t\t\t\t\t<div class=\"elementor-column elementor-col-100 elementor-top-column elementor-element elementor-element-44df133\" data-id=\"44df133\" data-element_type=\"column\" data-e-type=\"column\">\n\t\t\t<div class=\"elementor-widget-wrap elementor-element-populated\">\n\t\t\t\t\t\t<div data-dce-title-color=\"#FFFFFF\" class=\"elementor-element elementor-element-7f06c86 elementor-widget elementor-widget-heading\" data-id=\"7f06c86\" data-element_type=\"widget\" data-e-type=\"widget\" data-widget_type=\"heading.default\">\n\t\t\t\t<div class=\"elementor-widget-container\">\n\t\t\t\t\t<h1 class=\"elementor-heading-title elementor-size-default\">Call form<\/h1>\t\t\t\t<\/div>\n\t\t\t\t<\/div>\n\t\t\t\t\t<\/div>\n\t\t<\/div>\n\t\t\t\t\t<\/div>\n\t\t<\/section>\n\t\t\t\t<section class=\"elementor-section elementor-top-section elementor-element elementor-element-7b1c51a elementor-section-boxed elementor-section-height-default elementor-section-height-default\" data-id=\"7b1c51a\" data-element_type=\"section\" data-e-type=\"section\">\n\t\t\t\t\t\t<div class=\"elementor-container elementor-column-gap-default\">\n\t\t\t\t\t<div class=\"elementor-column elementor-col-100 elementor-top-column elementor-element elementor-element-65d83ed\" data-id=\"65d83ed\" data-element_type=\"column\" data-e-type=\"column\">\n\t\t\t<div class=\"elementor-widget-wrap elementor-element-populated\">\n\t\t\t\t\t\t<div class=\"elementor-element elementor-element-2a218e5 elementor-widget elementor-widget-text-editor\" data-id=\"2a218e5\" data-element_type=\"widget\" data-e-type=\"widget\" data-widget_type=\"text-editor.default\">\n\t\t\t\t<div class=\"elementor-widget-container\">\n\t\t\t\t\t\t\t\t\t<p>We can assist you. Please provide your details and the reason for your inquiry, and our team of professionals will call you.<\/p>\t\t\t\t\t\t\t\t<\/div>\n\t\t\t\t<\/div>\n\t\t\t\t<div class=\"elementor-element elementor-element-6305163 elementor-button-align-stretch elementor-widget elementor-widget-form\" data-id=\"6305163\" data-element_type=\"widget\" data-e-type=\"widget\" data-settings=\"{&quot;button_width&quot;:&quot;20&quot;,&quot;step_next_label&quot;:&quot;Siguiente&quot;,&quot;step_previous_label&quot;:&quot;Anterior&quot;,&quot;dce_confirm_dialog_enabled&quot;:&quot;no&quot;,&quot;step_type&quot;:&quot;number_text&quot;,&quot;step_icon_shape&quot;:&quot;circle&quot;,&quot;label_icon_size&quot;:{&quot;unit&quot;:&quot;px&quot;,&quot;size&quot;:&quot;&quot;,&quot;sizes&quot;:[]},&quot;field_icon_size&quot;:{&quot;unit&quot;:&quot;px&quot;,&quot;size&quot;:&quot;&quot;,&quot;sizes&quot;:[]}}\" data-widget_type=\"form.default\">\n\t\t\t\t<div class=\"elementor-widget-container\">\n\t\t\t\t\t\t\t<form class=\"elementor-form\" method=\"post\" name=\"Trucades\" aria-label=\"Trucades\">\n\t\t\t<input type=\"hidden\" name=\"post_id\" value=\"7723\"\/>\n\t\t\t<input type=\"hidden\" name=\"form_id\" value=\"6305163\"\/>\n\t\t\t<input type=\"hidden\" name=\"referer_title\" value=\"Formulari de trucades - Institut de la M\u00e0cula\" \/>\n\n\t\t\t\t\t\t\t<input type=\"hidden\" name=\"queried_id\" value=\"7723\"\/>\n\t\t\t\n\t\t\t<div class=\"elementor-form-fields-wrapper elementor-labels-above\">\n\t\t\t\t\t\t\t\t<div class=\"elementor-field-type-text elementor-field-group elementor-column elementor-field-group-name elementor-col-50\">\n\t\t\t\t\t\t\t\t\t\t\t\t<label for=\"form-field-name\" class=\"elementor-field-label\">\n\t\t\t\t\t\t\t\tName and surname\t\t\t\t\t\t\t<\/label>\n\t\t\t\t\t\t\t\t\t\t\t\t\t\t<input size=\"1\" type=\"text\" name=\"form_fields[name]\" id=\"form-field-name\" class=\"elementor-field elementor-size-sm  elementor-field-textual\" placeholder=\"Name and surname\">\n\t\t\t\t\t\t\t\t\t\t\t<\/div>\n\t\t\t\t\t\t\t\t<div class=\"elementor-field-type-tel elementor-field-group elementor-column elementor-field-group-field_c5154a6 elementor-col-50 elementor-field-required elementor-mark-required\">\n\t\t\t\t\t\t\t\t\t\t\t\t<label for=\"form-field-field_c5154a6\" class=\"elementor-field-label\">\n\t\t\t\t\t\t\t\tContact phone number\t\t\t\t\t\t\t<\/label>\n\t\t\t\t\t\t\t\t<input size=\"1\" type=\"tel\" name=\"form_fields[field_c5154a6]\" id=\"form-field-field_c5154a6\" class=\"elementor-field elementor-size-sm  elementor-field-textual\" placeholder=\"Phone\" required=\"required\" pattern=\"[0-9()#&amp;+*-=.]+\" title=\"Only numbers and phone characters (#, -, *, etc) are accepted.\">\n\n\t\t\t\t\t\t<\/div>\n\t\t\t\t\t\t\t\t<div class=\"elementor-field-type-select elementor-field-group elementor-column elementor-field-group-field_676981d elementor-col-50 elementor-field-required elementor-mark-required\">\n\t\t\t\t\t\t\t\t\t\t\t\t<label for=\"form-field-field_676981d\" class=\"elementor-field-label\">\n\t\t\t\t\t\t\t\tWhen should we call you?\t\t\t\t\t\t\t<\/label>\n\t\t\t\t\t\t\t\t<div class=\"elementor-field elementor-select-wrapper remove-before \">\n\t\t\t<div class=\"select-caret-down-wrapper\">\n\t\t\t\t<i aria-hidden=\"true\" class=\"eicon-caret-down\"><\/i>\t\t\t<\/div>\n\t\t\t<select name=\"form_fields[field_676981d]\" id=\"form-field-field_676981d\" class=\"elementor-field-textual elementor-size-sm\" required=\"required\">\n\t\t\t\t\t\t\t\t\t<option value=\"Now is a good time\">Now is a good time<\/option>\n\t\t\t\t\t\t\t\t\t<option value=\"Mornings 8\u202fAM \u2013 2\u202fPM\">Mornings 8\u202fAM \u2013 2\u202fPM<\/option>\n\t\t\t\t\t\t\t\t\t<option value=\"Midday 2\u202fPM \u2013 4\u202fPM\">Midday 2\u202fPM \u2013 4\u202fPM<\/option>\n\t\t\t\t\t\t\t\t\t<option value=\"Afternoons 4\u202fPM \u2013 8\u202fPM (excluding Fridays)\">Afternoons 4\u202fPM \u2013 8\u202fPM (excluding Fridays)<\/option>\n\t\t\t\t\t\t\t<\/select>\n\t\t<\/div>\n\t\t\t\t\t\t<\/div>\n\t\t\t\t\t\t\t\t<div class=\"elementor-field-type-select elementor-field-group elementor-column elementor-field-group-field_4f1019b elementor-col-50 elementor-field-required elementor-mark-required\">\n\t\t\t\t\t\t\t\t\t\t\t\t<label for=\"form-field-field_4f1019b\" class=\"elementor-field-label\">\n\t\t\t\t\t\t\t\tReason for the inquiry\t\t\t\t\t\t\t<\/label>\n\t\t\t\t\t\t\t\t<div class=\"elementor-field elementor-select-wrapper remove-before \">\n\t\t\t<div class=\"select-caret-down-wrapper\">\n\t\t\t\t<i aria-hidden=\"true\" class=\"eicon-caret-down\"><\/i>\t\t\t<\/div>\n\t\t\t<select name=\"form_fields[field_4f1019b]\" id=\"form-field-field_4f1019b\" class=\"elementor-field-textual elementor-size-sm\" required=\"required\">\n\t\t\t\t\t\t\t\t\t<option value=\"Request an appointment\">Request an appointment<\/option>\n\t\t\t\t\t\t\t\t\t<option value=\"AMD \/ AMD treatment\">AMD \/ AMD treatment<\/option>\n\t\t\t\t\t\t\t\t\t<option value=\"Stargardt disease\">Stargardt disease<\/option>\n\t\t\t\t\t\t\t\t\t<option value=\"Diabetic macular edema \/ Diabetic retinopathy\">Diabetic macular edema \/ Diabetic retinopathy<\/option>\n\t\t\t\t\t\t\t\t\t<option value=\"Other conditions\">Other conditions<\/option>\n\t\t\t\t\t\t\t\t\t<option value=\"Clinical trial program\">Clinical trial program<\/option>\n\t\t\t\t\t\t\t\t\t<option value=\"Free screening\">Free screening<\/option>\n\t\t\t\t\t\t\t\t\t<option value=\"Other reasons\">Other reasons<\/option>\n\t\t\t\t\t\t\t\t\t<option value=\"\"><\/option>\n\t\t\t\t\t\t\t<\/select>\n\t\t<\/div>\n\t\t\t\t\t\t<\/div>\n\t\t\t\t\t\t\t\t<div class=\"elementor-field-type-acceptance elementor-field-group elementor-column elementor-field-group-field_5efdc95 elementor-col-100 elementor-field-required elementor-mark-required\">\n\t\t\t\t\t\t\t\t\t\t\t\t<label for=\"form-field-field_5efdc95\" class=\"elementor-field-label\">\n\t\t\t\t\t\t\t\tConsent to personal data processing\t\t\t\t\t\t\t<\/label>\n\t\t\t\t\t\t\t\t<div class=\"elementor-field-subgroup\">\n\t\t\t<span class=\"elementor-field-option\">\n\t\t\t\t<input type=\"checkbox\" name=\"form_fields[field_5efdc95]\" id=\"form-field-field_5efdc95\" class=\"elementor-field elementor-size-sm  elementor-acceptance-field\" required=\"required\">\n\t\t\t\t<label for=\"form-field-field_5efdc95\">I consent to the processing of my data.<\/label>\t\t\t<\/span>\n\t\t<\/div>\n\t\t\t\t\t\t<\/div>\n\t\t\t\t\t\t\t\t<div class=\"elementor-field-type-html elementor-field-group elementor-column elementor-field-group-field_431ca5b elementor-col-100\">\n\t\t\t\t\tL'INSTITUT DE LA M\u00c0CULA tractar\u00e0 les vostres dades amb la finalitat de respondre les vostres consultes, dubtes o reclamacions. Podeu exercir els drets d\u2019acc\u00e9s, rectificaci\u00f3, supressi\u00f3, portabilitat, limitaci\u00f3 i oposici\u00f3, tal i com informem a la nostra <a href=\"https:\/\/www.institutmacula.com\/politica-de-privadesa\/\">Pol\u00edtica de Privacitat<\/a>.\t\t\t\t<\/div>\n\t\t\t\t\t\t\t\t<div class=\"elementor-field-type-recaptcha_v3 elementor-field-group elementor-column elementor-field-group-field_7ecf413 elementor-col-100 recaptcha_v3-bottomright\">\n\t\t\t\t\t<div class=\"elementor-field\" id=\"form-field-field_7ecf413\"><div class=\"elementor-g-recaptcha\" data-sitekey=\"6LdkPI0nAAAAAJBwpfIAMonll-mtDgLN0Z2cBUxb\" data-type=\"v3\" data-action=\"Form\" data-badge=\"bottomright\" data-size=\"invisible\"><\/div><\/div>\t\t\t\t<\/div>\n\t\t\t\t\t\t\t\t<div class=\"elementor-field-group elementor-column elementor-field-type-submit elementor-col-20 e-form__buttons\">\n\t\t\t\t\t<button class=\"elementor-button elementor-size-sm\" type=\"submit\">\n\t\t\t\t\t\t<span class=\"elementor-button-content-wrapper\">\n\t\t\t\t\t\t\t\t\t\t\t\t\t\t\t\t\t\t\t\t\t\t<span class=\"elementor-button-text\">Send<\/span>\n\t\t\t\t\t\t\t\t\t\t\t\t\t<\/span>\n\t\t\t\t\t<\/button>\n\t\t\t\t<\/div>\n\t\t\t<\/div>\n\t\t<\/form>\n\t\t\t\t\t\t<\/div>\n\t\t\t\t<\/div>\n\t\t\t\t\t<\/div>\n\t\t<\/div>\n\t\t\t\t\t<\/div>\n\t\t<\/section>\n\t\t\t\t<\/div>\n\t\t","protected":false},"excerpt":{"rendered":"<p>Call form We can assist you. Please provide your details and the reason for your inquiry, and our team of professionals will call you.<\/p>\n","protected":false},"author":1,"featured_media":0,"parent":0,"menu_order":0,"comment_status":"closed","ping_status":"closed","template":"","meta":{"_acf_changed":false,"site-sidebar-layout":"no-sidebar","site-content-layout":"page-builder","ast-site-content-layout":"default","site-content-style":"default","site-sidebar-style":"default","ast-global-header-display":"","ast-banner-title-visibility":"","ast-main-header-display":"","ast-hfb-above-header-display":"","ast-hfb-below-header-display":"","ast-hfb-mobile-header-display":"","site-post-title":"disabled","ast-breadcrumbs-content":"","ast-featured-img":"disabled","footer-sml-layout":"","ast-disable-related-posts":"","theme-transparent-header-meta":"","adv-header-id-meta":"","stick-header-meta":"","header-above-stick-meta":"","header-main-stick-meta":"","header-below-stick-meta":"","astra-migrate-meta-layouts":"default","ast-page-background-enabled":"default","ast-page-background-meta":{"desktop":{"background-color":"var(--ast-global-color-4)","background-image":"","background-repeat":"repeat","background-position":"center center","background-size":"auto","background-attachment":"scroll","background-type":"","background-media":"","overlay-type":"","overlay-color":"","overlay-opacity":"","overlay-gradient":""},"tablet":{"background-color":"","background-image":"","background-repeat":"repeat","background-position":"center center","background-size":"auto","background-attachment":"scroll","background-type":"","background-media":"","overlay-type":"","overlay-color":"","overlay-opacity":"","overlay-gradient":""},"mobile":{"background-color":"","background-image":"","background-repeat":"repeat","background-position":"center center","background-size":"auto","background-attachment":"scroll","background-type":"","background-media":"","overlay-type":"","overlay-color":"","overlay-opacity":"","overlay-gradient":""}},"ast-content-background-meta":{"desktop":{"background-color":"var(--ast-global-color-5)","background-image":"","background-repeat":"repeat","background-position":"center center","background-size":"auto","background-attachment":"scroll","background-type":"","background-media":"","overlay-type":"","overlay-color":"","overlay-opacity":"","overlay-gradient":""},"tablet":{"background-color":"var(--ast-global-color-5)","background-image":"","background-repeat":"repeat","background-position":"center center","background-size":"auto","background-attachment":"scroll","background-type":"","background-media":"","overlay-type":"","overlay-color":"","overlay-opacity":"","overlay-gradient":""},"mobile":{"background-color":"var(--ast-global-color-5)","background-image":"","background-repeat":"repeat","background-position":"center center","background-size":"auto","background-attachment":"scroll","background-type":"","background-media":"","overlay-type":"","overlay-color":"","overlay-opacity":"","overlay-gradient":""}},"footnotes":""},"class_list":["post-7723","page","type-page","status-publish","hentry"],"acf":[],"yoast_head":"<!-- This site is optimized with the Yoast SEO plugin v26.9 - https:\/\/yoast.com\/product\/yoast-seo-wordpress\/ -->\n<title>Formulari de trucades - Institut de la M\u00e0cula<\/title>\n<meta name=\"robots\" content=\"index, follow, max-snippet:-1, max-image-preview:large, max-video-preview:-1\" \/>\n<link rel=\"canonical\" href=\"https:\/\/www.institutmacula.com\/en\/formulari-de-trucades\/\" \/>\n<meta property=\"og:locale\" content=\"en_US\" \/>\n<meta property=\"og:type\" content=\"article\" \/>\n<meta property=\"og:title\" content=\"Formulari de trucades - Institut de la M\u00e0cula\" \/>\n<meta property=\"og:description\" content=\"Call form We can assist you. Please provide your details and the reason for your inquiry, and our team of professionals will call you.\" \/>\n<meta property=\"og:url\" content=\"https:\/\/www.institutmacula.com\/en\/formulari-de-trucades\/\" \/>\n<meta property=\"og:site_name\" content=\"Institut de la M\u00e0cula\" \/>\n<meta property=\"article:modified_time\" content=\"2025-09-01T09:52:42+00:00\" \/>\n<meta name=\"twitter:card\" content=\"summary_large_image\" \/>\n<meta name=\"twitter:label1\" content=\"Est. reading time\" \/>\n\t<meta name=\"twitter:data1\" content=\"1 minute\" \/>\n<script type=\"application\/ld+json\" class=\"yoast-schema-graph\">{\"@context\":\"https:\/\/schema.org\",\"@graph\":[{\"@type\":\"WebPage\",\"@id\":\"https:\/\/www.institutmacula.com\/en\/formulari-de-trucades\/\",\"url\":\"https:\/\/www.institutmacula.com\/en\/formulari-de-trucades\/\",\"name\":\"Formulari de trucades - Institut de la M\u00e0cula\",\"isPartOf\":{\"@id\":\"https:\/\/www.institutmacula.com\/es\/#website\"},\"datePublished\":\"2023-07-25T09:29:54+00:00\",\"dateModified\":\"2025-09-01T09:52:42+00:00\",\"breadcrumb\":{\"@id\":\"https:\/\/www.institutmacula.com\/en\/formulari-de-trucades\/#breadcrumb\"},\"inLanguage\":\"en-US\",\"potentialAction\":[{\"@type\":\"ReadAction\",\"target\":[\"https:\/\/www.institutmacula.com\/en\/formulari-de-trucades\/\"]}]},{\"@type\":\"BreadcrumbList\",\"@id\":\"https:\/\/www.institutmacula.com\/en\/formulari-de-trucades\/#breadcrumb\",\"itemListElement\":[{\"@type\":\"ListItem\",\"position\":1,\"name\":\"Inici\",\"item\":\"https:\/\/www.institutmacula.com\/en\/\"},{\"@type\":\"ListItem\",\"position\":2,\"name\":\"Formulari de trucades\"}]},{\"@type\":\"WebSite\",\"@id\":\"https:\/\/www.institutmacula.com\/es\/#website\",\"url\":\"https:\/\/www.institutmacula.com\/es\/\",\"name\":\"Institut de la M\u00e0cula\",\"description\":\"Innovating Eye Care\",\"publisher\":{\"@id\":\"https:\/\/www.institutmacula.com\/es\/#organization\"},\"potentialAction\":[{\"@type\":\"SearchAction\",\"target\":{\"@type\":\"EntryPoint\",\"urlTemplate\":\"https:\/\/www.institutmacula.com\/es\/?s={search_term_string}\"},\"query-input\":{\"@type\":\"PropertyValueSpecification\",\"valueRequired\":true,\"valueName\":\"search_term_string\"}}],\"inLanguage\":\"en-US\"},{\"@type\":\"Organization\",\"@id\":\"https:\/\/www.institutmacula.com\/es\/#organization\",\"name\":\"Institut de la M\u00e0cula\",\"url\":\"https:\/\/www.institutmacula.com\/es\/\",\"logo\":{\"@type\":\"ImageObject\",\"inLanguage\":\"en-US\",\"@id\":\"https:\/\/www.institutmacula.com\/es\/#\/schema\/logo\/image\/\",\"url\":\"https:\/\/www.institutmacula.com\/wp-content\/uploads\/2024\/02\/logo-Institut-de-la-Macula-24.png\",\"contentUrl\":\"https:\/\/www.institutmacula.com\/wp-content\/uploads\/2024\/02\/logo-Institut-de-la-Macula-24.png\",\"width\":300,\"height\":120,\"caption\":\"Institut de la M\u00e0cula\"},\"image\":{\"@id\":\"https:\/\/www.institutmacula.com\/es\/#\/schema\/logo\/image\/\"}}]}<\/script>\n<!-- \/ Yoast SEO plugin. -->","yoast_head_json":{"title":"Formulari de trucades - Institut de la M\u00e0cula","robots":{"index":"index","follow":"follow","max-snippet":"max-snippet:-1","max-image-preview":"max-image-preview:large","max-video-preview":"max-video-preview:-1"},"canonical":"https:\/\/www.institutmacula.com\/en\/formulari-de-trucades\/","og_locale":"en_US","og_type":"article","og_title":"Formulari de trucades - Institut de la M\u00e0cula","og_description":"Call form We can assist you. Please provide your details and the reason for your inquiry, and our team of professionals will call you.","og_url":"https:\/\/www.institutmacula.com\/en\/formulari-de-trucades\/","og_site_name":"Institut de la M\u00e0cula","article_modified_time":"2025-09-01T09:52:42+00:00","twitter_card":"summary_large_image","twitter_misc":{"Est. reading time":"1 minute"},"schema":{"@context":"https:\/\/schema.org","@graph":[{"@type":"WebPage","@id":"https:\/\/www.institutmacula.com\/en\/formulari-de-trucades\/","url":"https:\/\/www.institutmacula.com\/en\/formulari-de-trucades\/","name":"Formulari de trucades - Institut de la M\u00e0cula","isPartOf":{"@id":"https:\/\/www.institutmacula.com\/es\/#website"},"datePublished":"2023-07-25T09:29:54+00:00","dateModified":"2025-09-01T09:52:42+00:00","breadcrumb":{"@id":"https:\/\/www.institutmacula.com\/en\/formulari-de-trucades\/#breadcrumb"},"inLanguage":"en-US","potentialAction":[{"@type":"ReadAction","target":["https:\/\/www.institutmacula.com\/en\/formulari-de-trucades\/"]}]},{"@type":"BreadcrumbList","@id":"https:\/\/www.institutmacula.com\/en\/formulari-de-trucades\/#breadcrumb","itemListElement":[{"@type":"ListItem","position":1,"name":"Inici","item":"https:\/\/www.institutmacula.com\/en\/"},{"@type":"ListItem","position":2,"name":"Formulari de trucades"}]},{"@type":"WebSite","@id":"https:\/\/www.institutmacula.com\/es\/#website","url":"https:\/\/www.institutmacula.com\/es\/","name":"Institut de la M\u00e0cula","description":"Innovating Eye Care","publisher":{"@id":"https:\/\/www.institutmacula.com\/es\/#organization"},"potentialAction":[{"@type":"SearchAction","target":{"@type":"EntryPoint","urlTemplate":"https:\/\/www.institutmacula.com\/es\/?s={search_term_string}"},"query-input":{"@type":"PropertyValueSpecification","valueRequired":true,"valueName":"search_term_string"}}],"inLanguage":"en-US"},{"@type":"Organization","@id":"https:\/\/www.institutmacula.com\/es\/#organization","name":"Institut de la M\u00e0cula","url":"https:\/\/www.institutmacula.com\/es\/","logo":{"@type":"ImageObject","inLanguage":"en-US","@id":"https:\/\/www.institutmacula.com\/es\/#\/schema\/logo\/image\/","url":"https:\/\/www.institutmacula.com\/wp-content\/uploads\/2024\/02\/logo-Institut-de-la-Macula-24.png","contentUrl":"https:\/\/www.institutmacula.com\/wp-content\/uploads\/2024\/02\/logo-Institut-de-la-Macula-24.png","width":300,"height":120,"caption":"Institut de la M\u00e0cula"},"image":{"@id":"https:\/\/www.institutmacula.com\/es\/#\/schema\/logo\/image\/"}}]}},"_links":{"self":[{"href":"https:\/\/www.institutmacula.com\/en\/wp-json\/wp\/v2\/pages\/7723","targetHints":{"allow":["GET"]}}],"collection":[{"href":"https:\/\/www.institutmacula.com\/en\/wp-json\/wp\/v2\/pages"}],"about":[{"href":"https:\/\/www.institutmacula.com\/en\/wp-json\/wp\/v2\/types\/page"}],"author":[{"embeddable":true,"href":"https:\/\/www.institutmacula.com\/en\/wp-json\/wp\/v2\/users\/1"}],"replies":[{"embeddable":true,"href":"https:\/\/www.institutmacula.com\/en\/wp-json\/wp\/v2\/comments?post=7723"}],"version-history":[{"count":3,"href":"https:\/\/www.institutmacula.com\/en\/wp-json\/wp\/v2\/pages\/7723\/revisions"}],"predecessor-version":[{"id":7727,"href":"https:\/\/www.institutmacula.com\/en\/wp-json\/wp\/v2\/pages\/7723\/revisions\/7727"}],"wp:attachment":[{"href":"https:\/\/www.institutmacula.com\/en\/wp-json\/wp\/v2\/media?parent=7723"}],"curies":[{"name":"wp","href":"https:\/\/api.w.org\/{rel}","templated":true}]}}