{"id":7733,"date":"2023-04-26T17:12:25","date_gmt":"2023-04-26T15:12:25","guid":{"rendered":"https:\/\/www.institutmacula.com\/politica-de-cookies\/"},"modified":"2025-09-03T18:57:15","modified_gmt":"2025-09-03T16:57:15","slug":"cookies-policy","status":"publish","type":"page","link":"https:\/\/www.institutmacula.com\/en\/cookies-policy\/","title":{"rendered":"Cookies Policy"},"content":{"rendered":"\t\t<div data-elementor-type=\"wp-page\" data-elementor-id=\"7733\" class=\"elementor elementor-7733 elementor-1669\" data-elementor-post-type=\"page\">\n\t\t\t\t\t\t<section class=\"elementor-section elementor-top-section elementor-element elementor-element-7fa7717 elementor-section-boxed elementor-section-height-default elementor-section-height-default\" data-id=\"7fa7717\" data-element_type=\"section\" data-e-type=\"section\">\n\t\t\t\t\t\t<div class=\"elementor-container elementor-column-gap-default\">\n\t\t\t\t\t<div class=\"elementor-column elementor-col-100 elementor-top-column elementor-element elementor-element-14cb683\" data-id=\"14cb683\" data-element_type=\"column\" data-e-type=\"column\">\n\t\t\t<div class=\"elementor-widget-wrap elementor-element-populated\">\n\t\t\t\t\t\t<div class=\"elementor-element elementor-element-6330c65 elementor-widget elementor-widget-heading\" data-id=\"6330c65\" data-element_type=\"widget\" data-e-type=\"widget\" data-widget_type=\"heading.default\">\n\t\t\t\t<div class=\"elementor-widget-container\">\n\t\t\t\t\t<h1 class=\"elementor-heading-title elementor-size-default\">Cookie Policy<\/h1>\t\t\t\t<\/div>\n\t\t\t\t<\/div>\n\t\t\t\t<div class=\"elementor-element elementor-element-56f1d5e elementor-widget elementor-widget-text-editor\" data-id=\"56f1d5e\" data-element_type=\"widget\" data-e-type=\"widget\" data-widget_type=\"text-editor.default\">\n\t\t\t\t<div class=\"elementor-widget-container\">\n\t\t\t\t\t\t\t\t\t<h3>Does INSTITUT DE LA M\u00c0CULA use cookies?<\/h3><p>INSTITUT DE LA M\u00c0CULA uses cookies to facilitate your browsing experience and provide you with a better service. This policy explains how we do so.<\/p><p><b>What is a cookie?<\/b><\/p><p>Cookies are small data files stored on the user\u2019s computer that contain information about visits to the INSTITUT DE LA M\u00c0CULA website. The cookie is downloaded to the device you use to access our site and stored on your hard drive. These cookies serve various purposes, including allowing our website to recognize your device on future visits, ensuring correct content delivery, and storing your preferences or services provided to us.<br \/>We use the term \u201ccookies\u201d in this policy to refer to all files that store information in this manner.<\/p><p><b>What cookies do we use?<\/b><br \/>Our website software and traffic analyzer use cookies and IP tracking to collect statistical data such as the date of the first and last visit, number of visits, URL and domain of origin, browser used, and screen resolution.<br \/>However, users may disable and\/or delete these cookies by following the instructions provided by their web browser. Please note that doing so may significantly affect your ability to use some site features and may result in incompatibility with your browsing needs.<br \/>These cookies collect general information about user access to the website (not its content) and later provide aggregated statistical insights.<\/p><p>The cookies used on our website fall into three categories:<\/p><p><b>a) Essential cookies<\/b><br \/>Some cookies are essential for the operation of our website. For example, cookies enable us to identify users so they can log into their accounts. If you choose not to enable these cookies, you won\u2019t be able to access your account.<\/p><p><b>b) Performance cookies<\/b><br \/>We use cookies to analyze how visitors use our website and to monitor its performance. This helps us identify and quickly fix issues. For example, performance cookies may track which pages are most popular. They may also suggest links to other pages based on your previous activity.<\/p><p><b>c) Functionality cookies<\/b><br \/>We use functionality cookies to remember your preferences. For instance, we remember changes you&#8217;ve made to your account settings. These cookies may also be used to provide you with additional services, such as playing video files on our website.<\/p><p><b>Third-party cookies<\/b><br \/>Please note that third parties may use cookies over which we have no control to deliver personalized ads. These are likely to be performance or advertising\/tracking cookies. We do not control these third-party cookies, and for more information, you should review the third party\u2019s privacy and\/or cookie policy.<\/p><p><strong>How to control and delete cookies<\/strong><\/p><p>Most web browsers accept cookies by default, but you can change your browser settings to reject new cookies, disable existing ones, or notify you when a new cookie is sent to your device. To change your settings, follow the instructions provided by each browser:<\/p><p>Internet Explorer: Tools &gt; Internet Options &gt; Privacy<br \/>Or <a href=\"http:\/\/windows.microsoft.com\/es-es\/internet-explorer\/delete-manage-cookies#ie=ie-11\">click here<\/a> for more information.<\/p><p>Firefox: Tools &gt; Options &gt; Privacy &gt; History &gt; Custom Settings<br \/>Or <a href=\"https:\/\/support.mozilla.org\/ca\/kb\/activa-i-desactiva-les-galetes-que-les-pagines-web\">click here<\/a> for more information.<\/p><p>Chrome: Settings &gt; Show advanced settings &gt; Privacy &gt; Content settings<br \/>Or <a href=\"https:\/\/support.google.com\/chrome\/answer\/95647?hl=ca\">click here<\/a> for more information.<\/p><p>Safari: Preferences &gt; Security<br \/>Or <a href=\"http:\/\/support.apple.com\/kb\/HT1677?viewlocale=es_ES\">click here<\/a> for more information.<\/p><p>Opera: Settings<br \/>Or <a href=\"http:\/\/www.opera.com\/help\/tutorials\/security\/privacy\/\">click here<\/a> for more information.<\/p><p>Blocking the use of cookies during browsing may make some services or website features unavailable.<\/p>\t\t\t\t\t\t\t\t<\/div>\n\t\t\t\t<\/div>\n\t\t\t\t\t<\/div>\n\t\t<\/div>\n\t\t\t\t\t<\/div>\n\t\t<\/section>\n\t\t\t\t<\/div>\n\t\t","protected":false},"excerpt":{"rendered":"<p>Cookie Policy Does INSTITUT DE LA M\u00c0CULA use cookies? INSTITUT DE LA M\u00c0CULA uses cookies to facilitate your browsing experience and provide you with a better service. This policy explains how we do so. What is a cookie? Cookies are small data files stored on the user\u2019s computer that contain information about visits to the [&hellip;]<\/p>\n","protected":false},"author":1,"featured_media":0,"parent":0,"menu_order":0,"comment_status":"closed","ping_status":"closed","template":"","meta":{"_acf_changed":false,"site-sidebar-layout":"no-sidebar","site-content-layout":"page-builder","ast-site-content-layout":"default","site-content-style":"default","site-sidebar-style":"default","ast-global-header-display":"","ast-banner-title-visibility":"","ast-main-header-display":"","ast-hfb-above-header-display":"","ast-hfb-below-header-display":"","ast-hfb-mobile-header-display":"","site-post-title":"disabled","ast-breadcrumbs-content":"","ast-featured-img":"disabled","footer-sml-layout":"","ast-disable-related-posts":"","theme-transparent-header-meta":"","adv-header-id-meta":"","stick-header-meta":"","header-above-stick-meta":"","header-main-stick-meta":"","header-below-stick-meta":"","astra-migrate-meta-layouts":"default","ast-page-background-enabled":"default","ast-page-background-meta":{"desktop":{"background-color":"var(--ast-global-color-4)","background-image":"","background-repeat":"repeat","background-position":"center center","background-size":"auto","background-attachment":"scroll","background-type":"","background-media":"","overlay-type":"","overlay-color":"","overlay-opacity":"","overlay-gradient":""},"tablet":{"background-color":"","background-image":"","background-repeat":"repeat","background-position":"center center","background-size":"auto","background-attachment":"scroll","background-type":"","background-media":"","overlay-type":"","overlay-color":"","overlay-opacity":"","overlay-gradient":""},"mobile":{"background-color":"","background-image":"","background-repeat":"repeat","background-position":"center center","background-size":"auto","background-attachment":"scroll","background-type":"","background-media":"","overlay-type":"","overlay-color":"","overlay-opacity":"","overlay-gradient":""}},"ast-content-background-meta":{"desktop":{"background-color":"var(--ast-global-color-5)","background-image":"","background-repeat":"repeat","background-position":"center center","background-size":"auto","background-attachment":"scroll","background-type":"","background-media":"","overlay-type":"","overlay-color":"","overlay-opacity":"","overlay-gradient":""},"tablet":{"background-color":"var(--ast-global-color-5)","background-image":"","background-repeat":"repeat","background-position":"center center","background-size":"auto","background-attachment":"scroll","background-type":"","background-media":"","overlay-type":"","overlay-color":"","overlay-opacity":"","overlay-gradient":""},"mobile":{"background-color":"var(--ast-global-color-5)","background-image":"","background-repeat":"repeat","background-position":"center center","background-size":"auto","background-attachment":"scroll","background-type":"","background-media":"","overlay-type":"","overlay-color":"","overlay-opacity":"","overlay-gradient":""}},"footnotes":""},"class_list":["post-7733","page","type-page","status-publish","hentry"],"acf":[],"yoast_head":"<!-- This site is optimized with the Yoast SEO plugin v26.9 - https:\/\/yoast.com\/product\/yoast-seo-wordpress\/ -->\n<title>Cookies Policy - Institut de la M\u00e0cula<\/title>\n<meta name=\"robots\" content=\"index, follow, max-snippet:-1, max-image-preview:large, max-video-preview:-1\" \/>\n<link rel=\"canonical\" href=\"https:\/\/www.institutmacula.com\/en\/cookies-policy\/\" \/>\n<meta property=\"og:locale\" content=\"en_US\" \/>\n<meta property=\"og:type\" content=\"article\" \/>\n<meta property=\"og:title\" content=\"Cookies Policy - Institut de la M\u00e0cula\" \/>\n<meta property=\"og:description\" content=\"Cookie Policy Does INSTITUT DE LA M\u00c0CULA use cookies? INSTITUT DE LA M\u00c0CULA uses cookies to facilitate your browsing experience and provide you with a better service. This policy explains how we do so. What is a cookie? Cookies are small data files stored on the user\u2019s computer that contain information about visits to the [&hellip;]\" \/>\n<meta property=\"og:url\" content=\"https:\/\/www.institutmacula.com\/en\/cookies-policy\/\" \/>\n<meta property=\"og:site_name\" content=\"Institut de la M\u00e0cula\" \/>\n<meta property=\"article:modified_time\" content=\"2025-09-03T16:57:15+00:00\" \/>\n<meta name=\"twitter:card\" content=\"summary_large_image\" \/>\n<meta name=\"twitter:label1\" content=\"Est. reading time\" \/>\n\t<meta name=\"twitter:data1\" content=\"3 minutes\" \/>\n<script type=\"application\/ld+json\" class=\"yoast-schema-graph\">{\"@context\":\"https:\/\/schema.org\",\"@graph\":[{\"@type\":\"WebPage\",\"@id\":\"https:\/\/www.institutmacula.com\/en\/cookies-policy\/\",\"url\":\"https:\/\/www.institutmacula.com\/en\/cookies-policy\/\",\"name\":\"Cookies Policy - Institut de la M\u00e0cula\",\"isPartOf\":{\"@id\":\"https:\/\/www.institutmacula.com\/es\/#website\"},\"datePublished\":\"2023-04-26T15:12:25+00:00\",\"dateModified\":\"2025-09-03T16:57:15+00:00\",\"breadcrumb\":{\"@id\":\"https:\/\/www.institutmacula.com\/en\/cookies-policy\/#breadcrumb\"},\"inLanguage\":\"en-US\",\"potentialAction\":[{\"@type\":\"ReadAction\",\"target\":[\"https:\/\/www.institutmacula.com\/en\/cookies-policy\/\"]}]},{\"@type\":\"BreadcrumbList\",\"@id\":\"https:\/\/www.institutmacula.com\/en\/cookies-policy\/#breadcrumb\",\"itemListElement\":[{\"@type\":\"ListItem\",\"position\":1,\"name\":\"Inici\",\"item\":\"https:\/\/www.institutmacula.com\/en\/\"},{\"@type\":\"ListItem\",\"position\":2,\"name\":\"Cookies Policy\"}]},{\"@type\":\"WebSite\",\"@id\":\"https:\/\/www.institutmacula.com\/es\/#website\",\"url\":\"https:\/\/www.institutmacula.com\/es\/\",\"name\":\"Institut de la M\u00e0cula\",\"description\":\"Innovating Eye Care\",\"publisher\":{\"@id\":\"https:\/\/www.institutmacula.com\/es\/#organization\"},\"potentialAction\":[{\"@type\":\"SearchAction\",\"target\":{\"@type\":\"EntryPoint\",\"urlTemplate\":\"https:\/\/www.institutmacula.com\/es\/?s={search_term_string}\"},\"query-input\":{\"@type\":\"PropertyValueSpecification\",\"valueRequired\":true,\"valueName\":\"search_term_string\"}}],\"inLanguage\":\"en-US\"},{\"@type\":\"Organization\",\"@id\":\"https:\/\/www.institutmacula.com\/es\/#organization\",\"name\":\"Institut de la M\u00e0cula\",\"url\":\"https:\/\/www.institutmacula.com\/es\/\",\"logo\":{\"@type\":\"ImageObject\",\"inLanguage\":\"en-US\",\"@id\":\"https:\/\/www.institutmacula.com\/es\/#\/schema\/logo\/image\/\",\"url\":\"https:\/\/www.institutmacula.com\/wp-content\/uploads\/2024\/02\/logo-Institut-de-la-Macula-24.png\",\"contentUrl\":\"https:\/\/www.institutmacula.com\/wp-content\/uploads\/2024\/02\/logo-Institut-de-la-Macula-24.png\",\"width\":300,\"height\":120,\"caption\":\"Institut de la M\u00e0cula\"},\"image\":{\"@id\":\"https:\/\/www.institutmacula.com\/es\/#\/schema\/logo\/image\/\"}}]}<\/script>\n<!-- \/ Yoast SEO plugin. -->","yoast_head_json":{"title":"Cookies Policy - Institut de la M\u00e0cula","robots":{"index":"index","follow":"follow","max-snippet":"max-snippet:-1","max-image-preview":"max-image-preview:large","max-video-preview":"max-video-preview:-1"},"canonical":"https:\/\/www.institutmacula.com\/en\/cookies-policy\/","og_locale":"en_US","og_type":"article","og_title":"Cookies Policy - Institut de la M\u00e0cula","og_description":"Cookie Policy Does INSTITUT DE LA M\u00c0CULA use cookies? INSTITUT DE LA M\u00c0CULA uses cookies to facilitate your browsing experience and provide you with a better service. This policy explains how we do so. What is a cookie? Cookies are small data files stored on the user\u2019s computer that contain information about visits to the [&hellip;]","og_url":"https:\/\/www.institutmacula.com\/en\/cookies-policy\/","og_site_name":"Institut de la M\u00e0cula","article_modified_time":"2025-09-03T16:57:15+00:00","twitter_card":"summary_large_image","twitter_misc":{"Est. reading time":"3 minutes"},"schema":{"@context":"https:\/\/schema.org","@graph":[{"@type":"WebPage","@id":"https:\/\/www.institutmacula.com\/en\/cookies-policy\/","url":"https:\/\/www.institutmacula.com\/en\/cookies-policy\/","name":"Cookies Policy - Institut de la M\u00e0cula","isPartOf":{"@id":"https:\/\/www.institutmacula.com\/es\/#website"},"datePublished":"2023-04-26T15:12:25+00:00","dateModified":"2025-09-03T16:57:15+00:00","breadcrumb":{"@id":"https:\/\/www.institutmacula.com\/en\/cookies-policy\/#breadcrumb"},"inLanguage":"en-US","potentialAction":[{"@type":"ReadAction","target":["https:\/\/www.institutmacula.com\/en\/cookies-policy\/"]}]},{"@type":"BreadcrumbList","@id":"https:\/\/www.institutmacula.com\/en\/cookies-policy\/#breadcrumb","itemListElement":[{"@type":"ListItem","position":1,"name":"Inici","item":"https:\/\/www.institutmacula.com\/en\/"},{"@type":"ListItem","position":2,"name":"Cookies Policy"}]},{"@type":"WebSite","@id":"https:\/\/www.institutmacula.com\/es\/#website","url":"https:\/\/www.institutmacula.com\/es\/","name":"Institut de la M\u00e0cula","description":"Innovating Eye Care","publisher":{"@id":"https:\/\/www.institutmacula.com\/es\/#organization"},"potentialAction":[{"@type":"SearchAction","target":{"@type":"EntryPoint","urlTemplate":"https:\/\/www.institutmacula.com\/es\/?s={search_term_string}"},"query-input":{"@type":"PropertyValueSpecification","valueRequired":true,"valueName":"search_term_string"}}],"inLanguage":"en-US"},{"@type":"Organization","@id":"https:\/\/www.institutmacula.com\/es\/#organization","name":"Institut de la M\u00e0cula","url":"https:\/\/www.institutmacula.com\/es\/","logo":{"@type":"ImageObject","inLanguage":"en-US","@id":"https:\/\/www.institutmacula.com\/es\/#\/schema\/logo\/image\/","url":"https:\/\/www.institutmacula.com\/wp-content\/uploads\/2024\/02\/logo-Institut-de-la-Macula-24.png","contentUrl":"https:\/\/www.institutmacula.com\/wp-content\/uploads\/2024\/02\/logo-Institut-de-la-Macula-24.png","width":300,"height":120,"caption":"Institut de la M\u00e0cula"},"image":{"@id":"https:\/\/www.institutmacula.com\/es\/#\/schema\/logo\/image\/"}}]}},"_links":{"self":[{"href":"https:\/\/www.institutmacula.com\/en\/wp-json\/wp\/v2\/pages\/7733","targetHints":{"allow":["GET"]}}],"collection":[{"href":"https:\/\/www.institutmacula.com\/en\/wp-json\/wp\/v2\/pages"}],"about":[{"href":"https:\/\/www.institutmacula.com\/en\/wp-json\/wp\/v2\/types\/page"}],"author":[{"embeddable":true,"href":"https:\/\/www.institutmacula.com\/en\/wp-json\/wp\/v2\/users\/1"}],"replies":[{"embeddable":true,"href":"https:\/\/www.institutmacula.com\/en\/wp-json\/wp\/v2\/comments?post=7733"}],"version-history":[{"count":4,"href":"https:\/\/www.institutmacula.com\/en\/wp-json\/wp\/v2\/pages\/7733\/revisions"}],"predecessor-version":[{"id":7936,"href":"https:\/\/www.institutmacula.com\/en\/wp-json\/wp\/v2\/pages\/7733\/revisions\/7936"}],"wp:attachment":[{"href":"https:\/\/www.institutmacula.com\/en\/wp-json\/wp\/v2\/media?parent=7733"}],"curies":[{"name":"wp","href":"https:\/\/api.w.org\/{rel}","templated":true}]}}